{"id":7039,"date":"2026-02-10T15:01:57","date_gmt":"2026-02-10T12:01:57","guid":{"rendered":"https:\/\/qr.cafeneva.com\/?post_type=product&#038;p=7039"},"modified":"2026-02-19T15:50:50","modified_gmt":"2026-02-19T12:50:50","slug":"peynir-sogus","status":"publish","type":"product","link":"https:\/\/qr.cafeneva.com\/index.php\/product\/peynir-sogus\/","title":{"rendered":"PEYN\u0130R \u0130LE S\u00d6\u011e\u00dc\u015e TABA\u011eI"},"content":{"rendered":"","protected":false},"excerpt":{"rendered":"","protected":false},"featured_media":0,"comment_status":"open","ping_status":"closed","template":"","meta":[],"product_brand":[],"product_cat":[43],"product_tag":[],"class_list":{"0":"post-7039","1":"product","2":"type-product","3":"status-publish","5":"product_cat-aperatifler","7":"first","8":"instock","9":"shipping-taxable","10":"purchasable","11":"product-type-simple"},"_links":{"self":[{"href":"https:\/\/qr.cafeneva.com\/index.php\/wp-json\/wp\/v2\/product\/7039","targetHints":{"allow":["GET"]}}],"collection":[{"href":"https:\/\/qr.cafeneva.com\/index.php\/wp-json\/wp\/v2\/product"}],"about":[{"href":"https:\/\/qr.cafeneva.com\/index.php\/wp-json\/wp\/v2\/types\/product"}],"replies":[{"embeddable":true,"href":"https:\/\/qr.cafeneva.com\/index.php\/wp-json\/wp\/v2\/comments?post=7039"}],"wp:attachment":[{"href":"https:\/\/qr.cafeneva.com\/index.php\/wp-json\/wp\/v2\/media?parent=7039"}],"wp:term":[{"taxonomy":"product_brand","embeddable":true,"href":"https:\/\/qr.cafeneva.com\/index.php\/wp-json\/wp\/v2\/product_brand?post=7039"},{"taxonomy":"product_cat","embeddable":true,"href":"https:\/\/qr.cafeneva.com\/index.php\/wp-json\/wp\/v2\/product_cat?post=7039"},{"taxonomy":"product_tag","embeddable":true,"href":"https:\/\/qr.cafeneva.com\/index.php\/wp-json\/wp\/v2\/product_tag?post=7039"}],"curies":[{"name":"wp","href":"https:\/\/api.w.org\/{rel}","templated":true}]}}