{"id":7051,"date":"2026-02-10T15:10:42","date_gmt":"2026-02-10T12:10:42","guid":{"rendered":"https:\/\/qr.cafeneva.com\/?post_type=product&#038;p=7051"},"modified":"2026-02-19T16:12:26","modified_gmt":"2026-02-19T13:12:26","slug":"milkshake","status":"publish","type":"product","link":"https:\/\/qr.cafeneva.com\/index.php\/product\/milkshake\/","title":{"rendered":"MILKSHAKE (\u00c7\u0130LEK-\u00c7\u0130KOLATA)"},"content":{"rendered":"","protected":false},"excerpt":{"rendered":"","protected":false},"featured_media":0,"comment_status":"open","ping_status":"closed","template":"","meta":[],"product_brand":[],"product_cat":[54],"product_tag":[],"class_list":{"0":"post-7051","1":"product","2":"type-product","3":"status-publish","5":"product_cat-soguk-kahveler","7":"first","8":"instock","9":"shipping-taxable","10":"purchasable","11":"product-type-simple"},"_links":{"self":[{"href":"https:\/\/qr.cafeneva.com\/index.php\/wp-json\/wp\/v2\/product\/7051","targetHints":{"allow":["GET"]}}],"collection":[{"href":"https:\/\/qr.cafeneva.com\/index.php\/wp-json\/wp\/v2\/product"}],"about":[{"href":"https:\/\/qr.cafeneva.com\/index.php\/wp-json\/wp\/v2\/types\/product"}],"replies":[{"embeddable":true,"href":"https:\/\/qr.cafeneva.com\/index.php\/wp-json\/wp\/v2\/comments?post=7051"}],"wp:attachment":[{"href":"https:\/\/qr.cafeneva.com\/index.php\/wp-json\/wp\/v2\/media?parent=7051"}],"wp:term":[{"taxonomy":"product_brand","embeddable":true,"href":"https:\/\/qr.cafeneva.com\/index.php\/wp-json\/wp\/v2\/product_brand?post=7051"},{"taxonomy":"product_cat","embeddable":true,"href":"https:\/\/qr.cafeneva.com\/index.php\/wp-json\/wp\/v2\/product_cat?post=7051"},{"taxonomy":"product_tag","embeddable":true,"href":"https:\/\/qr.cafeneva.com\/index.php\/wp-json\/wp\/v2\/product_tag?post=7051"}],"curies":[{"name":"wp","href":"https:\/\/api.w.org\/{rel}","templated":true}]}}